{"id":75394,"date":"2023-07-13T15:25:46","date_gmt":"2023-07-13T19:25:46","guid":{"rendered":"https:\/\/www.unhcr.ca\/?page_id=75394"},"modified":"2023-07-13T15:36:36","modified_gmt":"2023-07-13T19:36:36","slug":"quiz-de-bienvenue","status":"publish","type":"page","link":"https:\/\/www.unhcr.ca\/fr\/quiz-de-bienvenue\/","title":{"rendered":"Quiz de Bienvenue"},"content":{"rendered":"<p>[et_pb_section fb_built=\u00a0\u00bb1&Prime; custom_padding_last_edited=\u00a0\u00bbon|desktop\u00a0\u00bb admin_label=\u00a0\u00bbSection: Header 600 height\u00a0\u00bb module_class=\u00a0\u00bbheight600&Prime; _builder_version=\u00a0\u00bb4.13.0&Prime; background_color=\u00a0\u00bb#000000&Prime; use_background_color_gradient=\u00a0\u00bbon\u00a0\u00bb background_color_gradient_start=\u00a0\u00bbrgba(43,43,43,0)\u00a0\u00bb background_color_gradient_end=\u00a0\u00bbrgba(0,0,0,0.7)\u00a0\u00bb background_color_gradient_start_position=\u00a0\u00bb38%\u00a0\u00bb background_color_gradient_end_position=\u00a0\u00bb78%\u00a0\u00bb background_color_gradient_overlays_image=\u00a0\u00bbon\u00a0\u00bb background_image=\u00a0\u00bbhttps:\/\/www.unhcr.ca\/wp-content\/uploads\/2020\/11\/RF2307756_8G9A5334-scaled.jpg\u00a0\u00bb custom_padding=\u00a0\u00bb20px||20px||true|false\u00a0\u00bb custom_padding_tablet=\u00a0\u00bb||40px\u00a0\u00bb custom_padding_phone=\u00a0\u00bb||40px\u00a0\u00bb link_option_url_new_window=\u00a0\u00bbon\u00a0\u00bb background_last_edited=\u00a0\u00bbon|tablet\u00a0\u00bb use_background_color_gradient_phone=\u00a0\u00bbon\u00a0\u00bb background_color_gradient_start_phone=\u00a0\u00bbrgba(0,0,0,0)\u00a0\u00bb background_color_gradient_end_phone=\u00a0\u00bbrgba(0,0,0,0.71)\u00a0\u00bb background_color_gradient_direction_phone=\u00a0\u00bb180deg\u00a0\u00bb background_color_gradient_start_position_phone=\u00a0\u00bb30%\u00a0\u00bb background_color_gradient_end_position_phone=\u00a0\u00bb60%\u00a0\u00bb background_image_tablet=\u00a0\u00bbhttps:\/\/www.unhcr.ca\/wp-content\/uploads\/2021\/11\/619cb2dc3.jpeg\u00a0\u00bb background_image_phone=\u00a0\u00bbhttps:\/\/www.unhcr.ca\/wp-content\/uploads\/2021\/11\/619cb2dc3.jpeg\u00a0\u00bb background_enable_image_tablet=\u00a0\u00bbon\u00a0\u00bb background_enable_image_phone=\u00a0\u00bbon\u00a0\u00bb background_position_phone=\u00a0\u00bbbottom_center\u00a0\u00bb locked=\u00a0\u00bboff\u00a0\u00bb global_colors_info=\u00a0\u00bb{}\u00a0\u00bb alt_tablet=\u00a0\u00bbPeople walking with suitcases\u00a0\u00bb title_text_tablet=\u00a0\u00bbColombia. Venezuelans risk life and limb to seek help in Colombia\u00a0\u00bb alt_phone=\u00a0\u00bbPeople walking with suitcases\u00a0\u00bb title_text_phone=\u00a0\u00bbColombia. Venezuelans risk life and limb to seek help in Colombia\u00a0\u00bb][et_pb_row admin_label=\u00a0\u00bbrow\u00a0\u00bb _builder_version=\u00a0\u00bb3.29.3&Prime; custom_margin=\u00a0\u00bbauto||0px||false|false\u00a0\u00bb custom_padding=\u00a0\u00bb0px||0px||true|false\u00a0\u00bb global_colors_info=\u00a0\u00bb{}\u00a0\u00bb][et_pb_column type=\u00a0\u00bb4_4&Prime; _builder_version=\u00a0\u00bb3.26.3&Prime; global_colors_info=\u00a0\u00bb{}\u00a0\u00bb][et_pb_text admin_label=\u00a0\u00bbTitle\u00a0\u00bb _builder_version=\u00a0\u00bb4.13.0&Prime; text_font=\u00a0\u00bb||||||||\u00a0\u00bb background_layout=\u00a0\u00bbdark\u00a0\u00bb max_width=\u00a0\u00bb900px\u00a0\u00bb custom_margin=\u00a0\u00bb0px||0px||false|false\u00a0\u00bb global_colors_info=\u00a0\u00bb{}\u00a0\u00bb]<\/p>\n<h2>Testez vos connaissances<\/h2>\n<p>[\/et_pb_text][et_pb_text admin_label=\u00a0\u00bbsub header\u00a0\u00bb _builder_version=\u00a0\u00bb4.13.0&Prime; text_text_color=\u00a0\u00bb#ffffff\u00a0\u00bb header_text_color=\u00a0\u00bb#ffffff\u00a0\u00bb header_3_text_color=\u00a0\u00bb#ffffff\u00a0\u00bb background_layout=\u00a0\u00bbdark\u00a0\u00bb custom_margin=\u00a0\u00bb0px||||false|false\u00a0\u00bb global_colors_info=\u00a0\u00bb{}\u00a0\u00bb]<\/p>\n<h4><span class=\"NormalTextRun SCXW267587875 BCX0\">Que savez-vous de la crise mondiale du d\u00e9placement ? R\u00e9pondez \u00e0 ce quiz pour le savoir !<\/h4>\n<p><\/span>[\/et_pb_text][\/et_pb_column][\/et_pb_row][\/et_pb_section][et_pb_section fb_built=\u00a0\u00bb1&Prime; _builder_version=\u00a0\u00bb4.4.6&Prime; global_colors_info=\u00a0\u00bb{}\u00a0\u00bb][et_pb_row _builder_version=\u00a0\u00bb4.4.6&Prime; global_colors_info=\u00a0\u00bb{}\u00a0\u00bb][et_pb_column type=\u00a0\u00bb4_4&Prime; _builder_version=\u00a0\u00bb4.4.6&Prime; global_colors_info=\u00a0\u00bb{}\u00a0\u00bb][et_pb_text _builder_version=\u00a0\u00bb4.13.0&Prime; _module_preset=\u00a0\u00bbdefault\u00a0\u00bb global_colors_info=\u00a0\u00bb{}\u00a0\u00bb]<div class=\"h5p-iframe-wrapper\"><iframe id=\"h5p-iframe-31\" class=\"h5p-iframe\" data-content-id=\"31\" style=\"height:1px\" src=\"about:blank\" frameBorder=\"0\" scrolling=\"no\" title=\"Welcome Email Quiz - French\"><\/iframe><\/div>[\/et_pb_text][\/et_pb_column][\/et_pb_row][\/et_pb_section][et_pb_section fb_built=\u00a0\u00bb1&Prime; custom_padding_last_edited=\u00a0\u00bboff|phone\u00a0\u00bb admin_label=\u00a0\u00bbSection: How you can help\u00a0\u00bb _builder_version=\u00a0\u00bb4.13.0&Prime; background_color=\u00a0\u00bb#ffffff\u00a0\u00bb custom_margin=\u00a0\u00bb0px||||false|false\u00a0\u00bb custom_padding=\u00a0\u00bb||||true|false\u00a0\u00bb custom_padding_phone=\u00a0\u00bb20px||20px||true|false\u00a0\u00bb locked=\u00a0\u00bboff\u00a0\u00bb collapsed=\u00a0\u00bboff\u00a0\u00bb global_colors_info=\u00a0\u00bb{}\u00a0\u00bb][et_pb_row custom_padding_last_edited=\u00a0\u00bbon|phone\u00a0\u00bb _builder_version=\u00a0\u00bb4.13.0&Prime; custom_padding=\u00a0\u00bb||||true|false\u00a0\u00bb custom_padding_tablet=\u00a0\u00bb\u00a0\u00bb custom_padding_phone=\u00a0\u00bb0px||0px||true|false\u00a0\u00bb global_colors_info=\u00a0\u00bb{}\u00a0\u00bb][et_pb_column type=\u00a0\u00bb4_4&Prime; _builder_version=\u00a0\u00bb3.25.4&Prime; global_colors_info=\u00a0\u00bb{}\u00a0\u00bb][et_pb_text _builder_version=\u00a0\u00bb4.13.0&Prime; global_colors_info=\u00a0\u00bb{}\u00a0\u00bb]<\/p>\n<p style=\"text-align: center;\"><strong>Faites un don<\/strong><br \/>\n<strong>Aidez les familles de r\u00e9fugi\u00e9s dans le besoin.<\/strong><\/p>\n<p>[\/et_pb_text][et_pb_button button_url=\u00a0\u00bbhttps:\/\/give.unhcr.ca\/page\/52275\/donate\/1?ea.tracking.id=OL22_UNR\u00a0\u00bb button_text=\u00a0\u00bbFaites un don\u00a0\u00bb button_alignment=\u00a0\u00bbcenter\u00a0\u00bb _builder_version=\u00a0\u00bb4.13.0&Prime; custom_button=\u00a0\u00bbon\u00a0\u00bb button_text_color=\u00a0\u00bb#ffffff\u00a0\u00bb button_bg_color=\u00a0\u00bb#0072bc\u00a0\u00bb global_colors_info=\u00a0\u00bb{}\u00a0\u00bb][\/et_pb_button][\/et_pb_column][\/et_pb_row][\/et_pb_section]<\/p>\n","protected":false},"excerpt":{"rendered":"<p>Testez vos connaissancesQue savez-vous de la crise mondiale du d\u00e9placement ? R\u00e9pondez \u00e0 ce quiz pour le savoir !<div class=\"h5p-iframe-wrapper\"><iframe id=\"h5p-iframe-31\" class=\"h5p-iframe\" data-content-id=\"31\" style=\"height:1px\" src=\"about:blank\" frameBorder=\"0\" scrolling=\"no\" title=\"Welcome Email Quiz - French\"><\/iframe><\/div>Faites un don Aidez les familles de r\u00e9fugi\u00e9s dans le besoin.<\/p>\n","protected":false},"author":26,"featured_media":0,"parent":0,"menu_order":0,"comment_status":"closed","ping_status":"closed","template":"","meta":{"_acf_changed":false,"_et_pb_use_builder":"on","_et_pb_old_content":"[et_pb_section fb_built=\"1\" custom_padding_last_edited=\"on|desktop\" admin_label=\"Section: Header 600 height\" module_class=\"height600\" _builder_version=\"4.13.0\" background_color=\"#000000\" use_background_color_gradient=\"on\" background_color_gradient_start=\"rgba(43,43,43,0)\" background_color_gradient_end=\"rgba(0,0,0,0.7)\" background_color_gradient_start_position=\"38%\" background_color_gradient_end_position=\"78%\" background_color_gradient_overlays_image=\"on\" background_image=\"https:\/\/www.unhcr.ca\/wp-content\/uploads\/2020\/11\/RF2307756_8G9A5334-scaled.jpg\" custom_padding=\"20px||20px||true|false\" custom_padding_tablet=\"||40px\" custom_padding_phone=\"||40px\" link_option_url_new_window=\"on\" background_last_edited=\"on|tablet\" use_background_color_gradient_phone=\"on\" background_color_gradient_start_phone=\"rgba(0,0,0,0)\" background_color_gradient_end_phone=\"rgba(0,0,0,0.71)\" background_color_gradient_direction_phone=\"180deg\" background_color_gradient_start_position_phone=\"30%\" background_color_gradient_end_position_phone=\"60%\" background_image_tablet=\"https:\/\/www.unhcr.ca\/wp-content\/uploads\/2021\/11\/619cb2dc3.jpeg\" background_image_phone=\"https:\/\/www.unhcr.ca\/wp-content\/uploads\/2021\/11\/619cb2dc3.jpeg\" background_enable_image_tablet=\"on\" background_enable_image_phone=\"on\" background_position_phone=\"bottom_center\" locked=\"off\" global_colors_info=\"{}\" alt_tablet=\"People walking with suitcases\" title_text_tablet=\"Colombia. Venezuelans risk life and limb to seek help in Colombia\" alt_phone=\"People walking with suitcases\" title_text_phone=\"Colombia. Venezuelans risk life and limb to seek help in Colombia\"][et_pb_row admin_label=\"row\" _builder_version=\"3.29.3\" custom_margin=\"auto||0px||false|false\" custom_padding=\"0px||0px||true|false\" global_colors_info=\"{}\"][et_pb_column type=\"4_4\" _builder_version=\"3.26.3\" global_colors_info=\"{}\"][et_pb_text admin_label=\"Title\" _builder_version=\"4.13.0\" text_font=\"||||||||\" background_layout=\"dark\" max_width=\"900px\" custom_margin=\"0px||0px||false|false\" hover_enabled=\"0\" global_colors_info=\"{}\" sticky_enabled=\"0\"]\r\n<h2>Test Your Knowledge<\/h2>\r\n[\/et_pb_text][et_pb_text admin_label=\"sub header\" _builder_version=\"4.13.0\" text_text_color=\"#ffffff\" header_text_color=\"#ffffff\" header_3_text_color=\"#ffffff\" background_layout=\"dark\" custom_margin=\"0px||||false|false\" hover_enabled=\"0\" global_colors_info=\"{}\" sticky_enabled=\"0\"]\r\n<h4><span class=\"NormalTextRun SCXW267587875 BCX0\">How much do you know about the global <\/span><span class=\"NormalTextRun SCXW267587875 BCX0\">displacement <\/span><span class=\"NormalTextRun SCXW267587875 BCX0\">crisis?<\/span> Take this quiz to find out!<\/h4>\r\n[\/et_pb_text][\/et_pb_column][\/et_pb_row][\/et_pb_section][et_pb_section fb_built=\"1\" _builder_version=\"4.4.6\" global_colors_info=\"{}\"][et_pb_row _builder_version=\"4.4.6\" global_colors_info=\"{}\"][et_pb_column type=\"4_4\" _builder_version=\"4.4.6\" global_colors_info=\"{}\"][et_pb_text _builder_version=\"4.13.0\" _module_preset=\"default\" global_colors_info=\"{}\"]\r\n\r\n[h5p id=\"30\"]\r\n\r\n[\/et_pb_text][\/et_pb_column][\/et_pb_row][\/et_pb_section][et_pb_section fb_built=\"1\" custom_padding_last_edited=\"off|phone\" admin_label=\"Section: How you can help\" _builder_version=\"4.13.0\" background_color=\"#ffffff\" custom_margin=\"0px||||false|false\" custom_padding=\"||||true|false\" custom_padding_phone=\"20px||20px||true|false\" locked=\"off\" collapsed=\"off\" global_colors_info=\"{}\"][et_pb_row custom_padding_last_edited=\"on|phone\" _builder_version=\"4.13.0\" custom_padding=\"||||true|false\" custom_padding_tablet=\"\" custom_padding_phone=\"0px||0px||true|false\" global_colors_info=\"{}\"][et_pb_column type=\"4_4\" _builder_version=\"3.25.4\" global_colors_info=\"{}\"][et_pb_text _builder_version=\"4.13.0\" global_colors_info=\"{}\"]\r\n<p style=\"text-align: center;\"><strong>Donate Today<\/strong>\r\n<strong>Please help refugee families in need.<\/strong><\/p>\r\n[\/et_pb_text][et_pb_button button_url=\"https:\/\/give.unhcr.ca\/page\/52275\/donate\/1?ea.tracking.id=OL22_UNR\" button_text=\"Donate Now\" button_alignment=\"center\" _builder_version=\"4.13.0\" custom_button=\"on\" button_text_color=\"#ffffff\" button_bg_color=\"#0072bc\" global_colors_info=\"{}\"][\/et_pb_button][\/et_pb_column][\/et_pb_row][\/et_pb_section]","_et_gb_content_width":"","inline_featured_image":false,"footnotes":"","beyondwords_generate_audio":"0","beyondwords_integration_method":"","beyondwords_project_id":"","beyondwords_content_id":"","beyondwords_preview_token":"","beyondwords_player_content":"","beyondwords_player_style":"","beyondwords_language_code":"","beyondwords_language_id":"","beyondwords_title_voice_id":"","beyondwords_body_voice_id":"","beyondwords_summary_voice_id":"","beyondwords_error_message":"","beyondwords_disabled":"","beyondwords_delete_content":"","beyondwords_podcast_id":"","beyondwords_hash":"","publish_post_to_speechkit":"","speechkit_hash":"","speechkit_generate_audio":"","speechkit_project_id":"","speechkit_podcast_id":"","speechkit_error_message":"","speechkit_disabled":"","speechkit_access_key":"","speechkit_error":"","speechkit_info":"","speechkit_response":"","speechkit_retries":"","speechkit_status":"","speechkit_updated_at":"","_speechkit_link":"","_speechkit_text":""},"class_list":["post-75394","page","type-page","status-publish","hentry"],"acf":[],"yoast_head":"<!-- This site is optimized with the Yoast SEO Premium plugin v27.3 (Yoast SEO v27.4) - https:\/\/yoast.com\/product\/yoast-seo-premium-wordpress\/ -->\n<title>Quiz de Bienvenue - HCR Canada<\/title>\n<meta name=\"robots\" content=\"index, follow, max-snippet:-1, max-image-preview:large, max-video-preview:-1\" \/>\n<link rel=\"canonical\" href=\"https:\/\/www.unhcr.ca\/fr\/quiz-de-bienvenue\/\" \/>\n<meta property=\"og:locale\" content=\"fr_FR\" \/>\n<meta property=\"og:type\" content=\"article\" \/>\n<meta property=\"og:title\" content=\"Quiz de Bienvenue\" \/>\n<meta property=\"og:description\" content=\"Testez vos connaissancesQue savez-vous de la crise mondiale du d\u00e9placement ? R\u00e9pondez \u00e0 ce quiz pour le savoir !Faites un don Aidez les familles de r\u00e9fugi\u00e9s dans le besoin.\" \/>\n<meta property=\"og:url\" content=\"https:\/\/www.unhcr.ca\/fr\/quiz-de-bienvenue\/\" \/>\n<meta property=\"og:site_name\" content=\"HCR Canada\" \/>\n<meta property=\"article:publisher\" content=\"https:\/\/www.facebook.com\/UNHCRCanada\" \/>\n<meta property=\"article:modified_time\" content=\"2023-07-13T19:36:36+00:00\" \/>\n<meta property=\"og:image\" content=\"https:\/\/www.unhcr.ca\/wp-content\/uploads\/2020\/08\/fb-social-unhcr-logo.png\" \/>\n\t<meta property=\"og:image:width\" content=\"1200\" \/>\n\t<meta property=\"og:image:height\" content=\"630\" \/>\n\t<meta property=\"og:image:type\" content=\"image\/png\" \/>\n<meta name=\"twitter:card\" content=\"summary_large_image\" \/>\n<meta name=\"twitter:site\" content=\"@UNHCRCanada\" \/>\n<meta name=\"twitter:label1\" content=\"Dur\u00e9e de lecture estim\u00e9e\" \/>\n\t<meta name=\"twitter:data1\" content=\"1 minute\" \/>\n<script type=\"application\/ld+json\" class=\"yoast-schema-graph\">{\"@context\":\"https:\\\/\\\/schema.org\",\"@graph\":[{\"@type\":\"WebPage\",\"@id\":\"https:\\\/\\\/www.unhcr.ca\\\/fr\\\/quiz-de-bienvenue\\\/\",\"url\":\"https:\\\/\\\/www.unhcr.ca\\\/fr\\\/quiz-de-bienvenue\\\/\",\"name\":\"Quiz de Bienvenue - HCR Canada\",\"isPartOf\":{\"@id\":\"https:\\\/\\\/www.unhcr.ca\\\/#website\"},\"datePublished\":\"2023-07-13T19:25:46+00:00\",\"dateModified\":\"2023-07-13T19:36:36+00:00\",\"breadcrumb\":{\"@id\":\"https:\\\/\\\/www.unhcr.ca\\\/fr\\\/quiz-de-bienvenue\\\/#breadcrumb\"},\"inLanguage\":\"fr-FR\",\"potentialAction\":[{\"@type\":\"ReadAction\",\"target\":[\"https:\\\/\\\/www.unhcr.ca\\\/fr\\\/quiz-de-bienvenue\\\/\"]}]},{\"@type\":\"BreadcrumbList\",\"@id\":\"https:\\\/\\\/www.unhcr.ca\\\/fr\\\/quiz-de-bienvenue\\\/#breadcrumb\",\"itemListElement\":[{\"@type\":\"ListItem\",\"position\":1,\"name\":\"Home\",\"item\":\"https:\\\/\\\/www.unhcr.ca\\\/fr\\\/homepage2020\\\/\"},{\"@type\":\"ListItem\",\"position\":2,\"name\":\"Quiz de Bienvenue\"}]},{\"@type\":\"WebSite\",\"@id\":\"https:\\\/\\\/www.unhcr.ca\\\/#website\",\"url\":\"https:\\\/\\\/www.unhcr.ca\\\/\",\"name\":\"HCR Canada\",\"description\":\"L\u2019Agence des Nations Unies pour les r\u00e9fugi\u00e9s\",\"potentialAction\":[{\"@type\":\"SearchAction\",\"target\":{\"@type\":\"EntryPoint\",\"urlTemplate\":\"https:\\\/\\\/www.unhcr.ca\\\/?s={search_term_string}\"},\"query-input\":{\"@type\":\"PropertyValueSpecification\",\"valueRequired\":true,\"valueName\":\"search_term_string\"}}],\"inLanguage\":\"fr-FR\"}]}<\/script>\n<!-- \/ Yoast SEO Premium plugin. -->","yoast_head_json":{"title":"Quiz de Bienvenue - HCR Canada","robots":{"index":"index","follow":"follow","max-snippet":"max-snippet:-1","max-image-preview":"max-image-preview:large","max-video-preview":"max-video-preview:-1"},"canonical":"https:\/\/www.unhcr.ca\/fr\/quiz-de-bienvenue\/","og_locale":"fr_FR","og_type":"article","og_title":"Quiz de Bienvenue","og_description":"Testez vos connaissancesQue savez-vous de la crise mondiale du d\u00e9placement ? R\u00e9pondez \u00e0 ce quiz pour le savoir !Faites un don Aidez les familles de r\u00e9fugi\u00e9s dans le besoin.","og_url":"https:\/\/www.unhcr.ca\/fr\/quiz-de-bienvenue\/","og_site_name":"HCR Canada","article_publisher":"https:\/\/www.facebook.com\/UNHCRCanada","article_modified_time":"2023-07-13T19:36:36+00:00","og_image":[{"width":1200,"height":630,"url":"https:\/\/www.unhcr.ca\/wp-content\/uploads\/2020\/08\/fb-social-unhcr-logo.png","type":"image\/png"}],"twitter_card":"summary_large_image","twitter_site":"@UNHCRCanada","twitter_misc":{"Dur\u00e9e de lecture estim\u00e9e":"1 minute"},"schema":{"@context":"https:\/\/schema.org","@graph":[{"@type":"WebPage","@id":"https:\/\/www.unhcr.ca\/fr\/quiz-de-bienvenue\/","url":"https:\/\/www.unhcr.ca\/fr\/quiz-de-bienvenue\/","name":"Quiz de Bienvenue - HCR Canada","isPartOf":{"@id":"https:\/\/www.unhcr.ca\/#website"},"datePublished":"2023-07-13T19:25:46+00:00","dateModified":"2023-07-13T19:36:36+00:00","breadcrumb":{"@id":"https:\/\/www.unhcr.ca\/fr\/quiz-de-bienvenue\/#breadcrumb"},"inLanguage":"fr-FR","potentialAction":[{"@type":"ReadAction","target":["https:\/\/www.unhcr.ca\/fr\/quiz-de-bienvenue\/"]}]},{"@type":"BreadcrumbList","@id":"https:\/\/www.unhcr.ca\/fr\/quiz-de-bienvenue\/#breadcrumb","itemListElement":[{"@type":"ListItem","position":1,"name":"Home","item":"https:\/\/www.unhcr.ca\/fr\/homepage2020\/"},{"@type":"ListItem","position":2,"name":"Quiz de Bienvenue"}]},{"@type":"WebSite","@id":"https:\/\/www.unhcr.ca\/#website","url":"https:\/\/www.unhcr.ca\/","name":"HCR Canada","description":"L\u2019Agence des Nations Unies pour les r\u00e9fugi\u00e9s","potentialAction":[{"@type":"SearchAction","target":{"@type":"EntryPoint","urlTemplate":"https:\/\/www.unhcr.ca\/?s={search_term_string}"},"query-input":{"@type":"PropertyValueSpecification","valueRequired":true,"valueName":"search_term_string"}}],"inLanguage":"fr-FR"}]}},"_links":{"self":[{"href":"https:\/\/www.unhcr.ca\/fr\/wp-json\/wp\/v2\/pages\/75394","targetHints":{"allow":["GET"]}}],"collection":[{"href":"https:\/\/www.unhcr.ca\/fr\/wp-json\/wp\/v2\/pages"}],"about":[{"href":"https:\/\/www.unhcr.ca\/fr\/wp-json\/wp\/v2\/types\/page"}],"author":[{"embeddable":true,"href":"https:\/\/www.unhcr.ca\/fr\/wp-json\/wp\/v2\/users\/26"}],"replies":[{"embeddable":true,"href":"https:\/\/www.unhcr.ca\/fr\/wp-json\/wp\/v2\/comments?post=75394"}],"version-history":[{"count":0,"href":"https:\/\/www.unhcr.ca\/fr\/wp-json\/wp\/v2\/pages\/75394\/revisions"}],"wp:attachment":[{"href":"https:\/\/www.unhcr.ca\/fr\/wp-json\/wp\/v2\/media?parent=75394"}],"curies":[{"name":"wp","href":"https:\/\/api.w.org\/{rel}","templated":true}]}}