{"id":49916,"date":"2020-07-29T22:39:50","date_gmt":"2020-07-30T02:39:50","guid":{"rendered":"https:\/\/www.unhcr.ca\/au-canada\/faire-une-demande-dasile\/what-happens-when-you-claim-asylum-at-the-border\/"},"modified":"2023-01-01T11:08:14","modified_gmt":"2023-01-01T16:08:14","slug":"comment-se-deroule-une-demande-dasile-a-la-frontiere","status":"publish","type":"page","link":"https:\/\/www.unhcr.ca\/fr\/au-canada\/faire-une-demande-dasile\/comment-se-deroule-une-demande-dasile-a-la-frontiere\/","title":{"rendered":"Comment se d\u00e9roule une demande d\u2019asile \u00e0 la fronti\u00e8re ?"},"content":{"rendered":"<p>[et_pb_section fb_built=\u00a0\u00bb1&Prime; custom_padding_last_edited=\u00a0\u00bbon|desktop\u00a0\u00bb admin_label=\u00a0\u00bbSection: Header 600 height\u00a0\u00bb module_class=\u00a0\u00bbheight600&Prime; _builder_version=\u00a0\u00bb4.4.6&Prime; background_color=\u00a0\u00bb#000000&Prime; use_background_color_gradient=\u00a0\u00bbon\u00a0\u00bb background_color_gradient_start=\u00a0\u00bbrgba(43,43,43,0)\u00a0\u00bb background_color_gradient_end=\u00a0\u00bbrgba(0,0,0,0.7)\u00a0\u00bb background_color_gradient_start_position=\u00a0\u00bb38%\u00a0\u00bb background_color_gradient_end_position=\u00a0\u00bb78%\u00a0\u00bb background_color_gradient_overlays_image=\u00a0\u00bbon\u00a0\u00bb background_image=\u00a0\u00bbhttps:\/\/www.unhcr.ca\/wp-content\/uploads\/2020\/08\/whathappens.png\u00a0\u00bb custom_padding=\u00a0\u00bb20px||20px||true|false\u00a0\u00bb custom_padding_tablet=\u00a0\u00bb||40px\u00a0\u00bb custom_padding_phone=\u00a0\u00bb||40px\u00a0\u00bb link_option_url_new_window=\u00a0\u00bbon\u00a0\u00bb background_last_edited=\u00a0\u00bbon|phone\u00a0\u00bb use_background_color_gradient_phone=\u00a0\u00bbon\u00a0\u00bb background_color_gradient_start_phone=\u00a0\u00bbrgba(0,0,0,0)\u00a0\u00bb background_color_gradient_end_phone=\u00a0\u00bbrgba(0,0,0,0.71)\u00a0\u00bb background_color_gradient_direction_phone=\u00a0\u00bb180deg\u00a0\u00bb background_color_gradient_start_position_phone=\u00a0\u00bb30%\u00a0\u00bb background_color_gradient_end_position_phone=\u00a0\u00bb60%\u00a0\u00bb background_image_tablet=\u00a0\u00bbhttps:\/\/www.unhcr.ca\/wp-content\/uploads\/2020\/08\/whathappens.png\u00a0\u00bb background_image_phone=\u00a0\u00bbhttps:\/\/www.unhcr.ca\/wp-content\/uploads\/2020\/08\/whathappens.png\u00a0\u00bb background_enable_image_tablet=\u00a0\u00bbon\u00a0\u00bb background_enable_image_phone=\u00a0\u00bbon\u00a0\u00bb background_position_phone=\u00a0\u00bbbottom_center\u00a0\u00bb locked=\u00a0\u00bboff\u00a0\u00bb global_colors_info=\u00a0\u00bb{}\u00a0\u00bb title_text_tablet=\u00a0\u00bbwhathappens\u00a0\u00bb title_text_phone=\u00a0\u00bbwhathappens\u00a0\u00bb][et_pb_row admin_label=\u00a0\u00bbrow\u00a0\u00bb _builder_version=\u00a0\u00bb3.29.3&Prime; custom_margin=\u00a0\u00bbauto||0px||false|false\u00a0\u00bb custom_padding=\u00a0\u00bb0px||0px||true|false\u00a0\u00bb global_colors_info=\u00a0\u00bb{}\u00a0\u00bb][et_pb_column type=\u00a0\u00bb4_4&Prime; _builder_version=\u00a0\u00bb3.26.3&Prime; global_colors_info=\u00a0\u00bb{}\u00a0\u00bb][et_pb_text admin_label=\u00a0\u00bbTitle\u00a0\u00bb _builder_version=\u00a0\u00bb4.5.3&Prime; text_font=\u00a0\u00bb||||||||\u00a0\u00bb background_layout=\u00a0\u00bbdark\u00a0\u00bb max_width=\u00a0\u00bb900px\u00a0\u00bb custom_margin=\u00a0\u00bb0px||0px||false|false\u00a0\u00bb global_colors_info=\u00a0\u00bb{}\u00a0\u00bb]<\/p>\n<h1>Comment se d\u00e9roule une demande d\u2019asile \u00e0 la fronti\u00e8re ?<\/h1>\n<p>[\/et_pb_text][et_pb_text admin_label=\u00a0\u00bbsub header\u00a0\u00bb _builder_version=\u00a0\u00bb4.5.3&Prime; text_text_color=\u00a0\u00bb#ffffff\u00a0\u00bb header_text_color=\u00a0\u00bb#ffffff\u00a0\u00bb header_3_text_color=\u00a0\u00bb#ffffff\u00a0\u00bb background_layout=\u00a0\u00bbdark\u00a0\u00bb custom_margin=\u00a0\u00bb0px||||false|false\u00a0\u00bb global_colors_info=\u00a0\u00bb{}\u00a0\u00bb]<\/p>\n<h3>Renseignez-vous davantage sur ce qui se passe lorsque vous faites une demande d\u2019asile \u00e0 un poste-fronti\u00e8re officiel ou entre deux postes-fronti\u00e8res officiels.<\/h3>\n<p>[\/et_pb_text][\/et_pb_column][\/et_pb_row][\/et_pb_section][et_pb_section fb_built=\u00a0\u00bb1&Prime; _builder_version=\u00a0\u00bb4.4.6&Prime; background_color=\u00a0\u00bb#efefef\u00a0\u00bb global_colors_info=\u00a0\u00bb{}\u00a0\u00bb][et_pb_row _builder_version=\u00a0\u00bb4.4.6&Prime; global_colors_info=\u00a0\u00bb{}\u00a0\u00bb][et_pb_column type=\u00a0\u00bb4_4&Prime; _builder_version=\u00a0\u00bb4.4.6&Prime; global_colors_info=\u00a0\u00bb{}\u00a0\u00bb][et_pb_text _builder_version=\u00a0\u00bb4.5.3&Prime; global_colors_info=\u00a0\u00bb{}\u00a0\u00bb]<\/p>\n<h3>Si vous demandez l\u2019asile \u00e0 un poste-fronti\u00e8re officiel :<\/h3>\n<p>Vous pourriez avoir besoin de conseils juridiques avant de pr\u00e9senter une demande d\u2019asile au Canada \u00e0 la fronti\u00e8re. Un\u00b7e agent\u00b7e d\u2019immigration d\u00e9cidera si votre situation repr\u00e9sente une exception \u00e0 l\u2019Entente entre le Canada et les \u00c9tats-Unis sur les tiers pays s\u00fbrs. <a href=\"https:\/\/www.unhcr.ca\/fr\/au-canada\/faire-une-demande-dasile\/qui-peut-presenter-une-demande-dasile-a-la-frontiere\/\"><strong>D\u00e9couvrez qui peut demander l\u2019asile \u00e0 la fronti\u00e8re.<\/strong><\/a><\/p>\n<p>&nbsp;<\/p>\n<h3>Qu\u2019est-ce que l\u2019Entente entre le Canada et les \u00c9tats-Unis sur les pays tiers s\u00fbrs ?<\/h3>\n<p>L\u2019Entente entre le Canada et les \u00c9tats-Unis sur les pays tiers s\u00fbrs est un accord en vertu duquel les demandeurs d\u2019asile sont tenus de pr\u00e9senter leur demande d\u2019asile dans le premier pays s\u00fbr o\u00f9 ils arrivent (soit les \u00c9tats-Unis ou le Canada), \u00e0 moins d\u2019\u00eatre vis\u00e9s par une exception pr\u00e9vue par l\u2019Entente.<\/p>\n<p>&nbsp;<\/p>\n<h3>Si vous demandez l\u2019asile entre deux postes-fronti\u00e8res officiels, vous devrez passer par les \u00e9tapes suivantes\u00a0:<\/h3>\n<ol>\n<li>Vous serez arr\u00eat\u00e9\u00b7e par la police et questionn\u00e9\u00b7e \u00e0 propos de votre entr\u00e9e irr\u00e9guli\u00e8re.<\/li>\n<\/ol>\n<ol start=\"2\">\n<li>Vous serez amen\u00e9\u00b7e au poste-fronti\u00e8re le plus proche. Apportez vos documents d\u2019identification (passeport, permis de conduire, certificat de naissance, etc.) afin de <a href=\"https:\/\/www.unhcr.ca\/fr\/au-canada\/faire-une-demande-dasile\/comment-prouver-votre-identite\/\"><strong>prouver votre identit\u00e9<\/strong><\/a>.<\/li>\n<\/ol>\n<ol start=\"3\">\n<li>Vous remplirez des formulaires et passerez une entrevue avec l\u2019Agence des services frontaliers du Canada (ASFC) afin de d\u00e9terminer si vous pouvez demander l\u2019asile au Canada ou non. Cette \u00e9tape est parfois r\u00e9alis\u00e9e \u00e0 une date ult\u00e9rieure dans la ville la plus proche. <a href=\"https:\/\/www.unhcr.ca\/fr\/au-canada\/faire-une-demande-dasile\/qui-determinera-si-votre-demande-dasile-est-acceptee-ou-rejetee\/\"><strong>D\u00e9couvrez qui d\u00e9terminera si votre demande d\u2019asile sera accept\u00e9e ou rejet\u00e9e.<\/strong><\/a><\/li>\n<\/ol>\n<ol start=\"4\">\n<li>Il est possible que vous restiez plus d\u2019une journ\u00e9e \u00e0 la fronti\u00e8re. Apportez des articles de base en cas de besoin (nourriture et boissons, couches, m\u00e9dicaments, etc.).<\/li>\n<\/ol>\n<ol start=\"5\">\n<li>Vous serez transport\u00e9\u00b7e \u00e0 la ville la plus proche. Le transport est habituellement sans frais, mais il est possible que vous deviez payer ou planifier vos d\u00e9placements vous-m\u00eame (taxi, amis ou membres de la famille pour venir vous chercher, etc.).<\/li>\n<\/ol>\n<p>[\/et_pb_text][\/et_pb_column][\/et_pb_row][\/et_pb_section][et_pb_section fb_built=\u00a0\u00bb1&Prime; _builder_version=\u00a0\u00bb4.4.6&Prime; global_colors_info=\u00a0\u00bb{}\u00a0\u00bb][et_pb_row _builder_version=\u00a0\u00bb4.4.6&Prime; global_colors_info=\u00a0\u00bb{}\u00a0\u00bb][et_pb_column type=\u00a0\u00bb4_4&Prime; _builder_version=\u00a0\u00bb4.4.6&Prime; global_colors_info=\u00a0\u00bb{}\u00a0\u00bb][et_pb_text _builder_version=\u00a0\u00bb4.5.3&Prime; global_colors_info=\u00a0\u00bb{}\u00a0\u00bb]<\/p>\n<p style=\"text-align: center;\"><strong><span class=\"TextRun SCXW146953901 BCX0\" lang=\"EN-CA\" xml:lang=\"EN-CA\" data-contrast=\"none\"><span class=\"NormalTextRun SCXW146953901 BCX0\">T\u00e9l\u00e9chargez une version PDF de ce document en <a href=\"https:\/\/www.unhcr.ca\/wp-content\/uploads\/2018\/04\/Claiming-at-the-border_Fr.jpg\" target=\"_blank\" rel=\"noopener noreferrer\">fran\u00e7ais<\/a>,\u00a0<\/span><\/span><a href=\"https:\/\/www.unhcr.ca\/wp-content\/uploads\/2018\/04\/Claiming-at-the-border_En-01.jpg\" target=\"_blank\" rel=\"noopener noreferrer\"><span class=\"TextRun SCXW146953901 BCX0\" lang=\"EN-CA\" xml:lang=\"EN-CA\" data-contrast=\"none\"><span class=\"NormalTextRun SCXW146953901 BCX0\">English<\/span><\/span><\/a><span class=\"TextRun SCXW146953901 BCX0\" lang=\"EN-CA\" xml:lang=\"EN-CA\" data-contrast=\"none\"><span class=\"NormalTextRun SCXW146953901 BCX0\">,\u00a0<\/span><\/span><a href=\"https:\/\/www.unhcr.ca\/wp-content\/uploads\/2018\/12\/Claiming-at-the-border_SPA.pdf\" target=\"_blank\" rel=\"noopener noreferrer\"><span class=\"TextRun SCXW146953901 BCX0\" lang=\"EN-CA\" xml:lang=\"EN-CA\" data-contrast=\"none\"><span class=\"NormalTextRun SCXW146953901 BCX0\">Espa\u00f1ol<\/span><\/span><\/a><span class=\"TextRun SCXW146953901 BCX0\" lang=\"EN-CA\" xml:lang=\"EN-CA\" data-contrast=\"none\"><span class=\"NormalTextRun SCXW146953901 BCX0\">,\u00a0<\/span><\/span><a href=\"https:\/\/www.unhcr.ca\/wp-content\/uploads\/2018\/12\/Claiming-at-the-border_AR.pdf\" target=\"_blank\" rel=\"noopener noreferrer\"><span class=\"TextRun SCXW146953901 BCX0\" lang=\"AR-SA\" xml:lang=\"AR-SA\" data-contrast=\"none\"><span class=\"NormalTextRun SCXW146953901 BCX0\">\u0639\u0631\u0628\u064a<\/span><\/span><\/a><span class=\"TextRun SCXW146953901 BCX0\" lang=\"EN-CA\" xml:lang=\"EN-CA\" data-contrast=\"none\"><span class=\"NormalTextRun SCXW146953901 BCX0\"> ou\u00a0<\/span><\/span><a href=\"https:\/\/www.unhcr.ca\/wp-content\/uploads\/2018\/12\/Claiming-at-the-border_CRE.pdf\" target=\"_blank\" rel=\"noopener noreferrer\"><span class=\"TextRun SCXW146953901 BCX0\" lang=\"EN-CA\" xml:lang=\"EN-CA\" data-contrast=\"none\"><span class=\"NormalTextRun SCXW146953901 BCX0\">Krey\u00f2l<\/span><\/span><\/a><span class=\"TextRun SCXW146953901 BCX0\" lang=\"EN-CA\" xml:lang=\"EN-CA\" data-contrast=\"none\"><span class=\"NormalTextRun SCXW146953901 BCX0\">.<\/span><\/span><span class=\"EOP SCXW146953901 BCX0\" data-ccp-props=\"{}\">\u00a0<\/span><\/strong><\/p>\n<p>[\/et_pb_text][\/et_pb_column][\/et_pb_row][\/et_pb_section][et_pb_section fb_built=\u00a0\u00bb1&Prime; _builder_version=\u00a0\u00bb4.5.3&Prime; background_color=\u00a0\u00bb#efefef\u00a0\u00bb global_colors_info=\u00a0\u00bb{}\u00a0\u00bb][et_pb_row _builder_version=\u00a0\u00bb4.4.6&Prime; global_colors_info=\u00a0\u00bb{}\u00a0\u00bb][et_pb_column type=\u00a0\u00bb4_4&Prime; _builder_version=\u00a0\u00bb4.4.6&Prime; global_colors_info=\u00a0\u00bb{}\u00a0\u00bb][et_pb_text _builder_version=\u00a0\u00bb4.6.1&Prime; global_colors_info=\u00a0\u00bb{}\u00a0\u00bb]<\/p>\n<p style=\"text-align: center;\"><strong>Faites un don<\/strong><br \/><strong>Aidez les r\u00e9fugi\u00e9s dans le besoin.<\/strong><\/p>\n<p>[\/et_pb_text][et_pb_button button_url=\u00a0\u00bbhttps:\/\/give.unhcr.ca\/page\/52275\/donate\/1?ea.tracking.id=OL23FR_UNR\u00a0\u00bb button_text=\u00a0\u00bbFaites un don d\u00e8s maintenant\u00a0\u00bb button_alignment=\u00a0\u00bbcenter\u00a0\u00bb _builder_version=\u00a0\u00bb4.13.0&Prime; custom_button=\u00a0\u00bbon\u00a0\u00bb button_text_color=\u00a0\u00bb#ffffff\u00a0\u00bb button_bg_color=\u00a0\u00bb#0072bc\u00a0\u00bb hover_enabled=\u00a0\u00bb0&Prime; global_colors_info=\u00a0\u00bb{}\u00a0\u00bb sticky_enabled=\u00a0\u00bb0&Prime;][\/et_pb_button][\/et_pb_column][\/et_pb_row][\/et_pb_section]<\/p>\n","protected":false},"excerpt":{"rendered":"<p>Renseignez-vous davantage sur ce qui se passe lorsque vous demandez l&rsquo;asile \u00e0 un poste fronti\u00e8re officiel ou entre des postes frontaliers.<\/p>\n","protected":false},"author":26,"featured_media":49811,"parent":49034,"menu_order":0,"comment_status":"closed","ping_status":"closed","template":"","meta":{"_acf_changed":false,"_et_pb_use_builder":"on","_et_pb_old_content":"","_et_gb_content_width":"","inline_featured_image":false,"footnotes":"","beyondwords_generate_audio":"0","beyondwords_integration_method":"","beyondwords_project_id":"","beyondwords_content_id":"","beyondwords_preview_token":"","beyondwords_player_content":"","beyondwords_player_style":"","beyondwords_language_code":"","beyondwords_language_id":"","beyondwords_title_voice_id":"","beyondwords_body_voice_id":"","beyondwords_summary_voice_id":"","beyondwords_error_message":"","beyondwords_disabled":"","beyondwords_delete_content":"","beyondwords_podcast_id":"","beyondwords_hash":"","publish_post_to_speechkit":"","speechkit_hash":"","speechkit_generate_audio":"","speechkit_project_id":"","speechkit_podcast_id":"","speechkit_error_message":"","speechkit_disabled":"","speechkit_access_key":"","speechkit_error":"","speechkit_info":"","speechkit_response":"","speechkit_retries":"","speechkit_status":"","speechkit_updated_at":"","_speechkit_link":"","_speechkit_text":""},"class_list":["post-49916","page","type-page","status-publish","has-post-thumbnail","hentry"],"acf":[],"yoast_head":"<!-- This site is optimized with the Yoast SEO Premium plugin v27.5 (Yoast SEO v27.5) - https:\/\/yoast.com\/product\/yoast-seo-premium-wordpress\/ -->\n<title>Comment se d\u00e9roule une demande d\u2019asile \u00e0 la fronti\u00e8re | HCR Canada<\/title>\n<meta name=\"description\" content=\"Renseignez-vous davantage sur ce qui se passe lorsque vous demandez l&#039;asile \u00e0 un poste fronti\u00e8re officiel ou entre des postes frontaliers.\" \/>\n<meta name=\"robots\" content=\"index, follow, max-snippet:-1, max-image-preview:large, max-video-preview:-1\" \/>\n<link rel=\"canonical\" href=\"https:\/\/www.unhcr.ca\/fr\/au-canada\/faire-une-demande-dasile\/comment-se-deroule-une-demande-dasile-a-la-frontiere\/\" \/>\n<meta property=\"og:locale\" content=\"fr_FR\" \/>\n<meta property=\"og:type\" content=\"article\" \/>\n<meta property=\"og:title\" content=\"Comment se d\u00e9roule une demande d\u2019asile \u00e0 la fronti\u00e8re ?\" \/>\n<meta property=\"og:description\" content=\"Renseignez-vous davantage sur ce qui se passe lorsque vous demandez l&#039;asile \u00e0 un poste fronti\u00e8re officiel ou entre des postes frontaliers.\" \/>\n<meta property=\"og:url\" content=\"https:\/\/www.unhcr.ca\/fr\/au-canada\/faire-une-demande-dasile\/comment-se-deroule-une-demande-dasile-a-la-frontiere\/\" \/>\n<meta property=\"og:site_name\" content=\"HCR Canada\" \/>\n<meta property=\"article:publisher\" content=\"https:\/\/www.facebook.com\/UNHCRCanada\" \/>\n<meta property=\"article:modified_time\" content=\"2023-01-01T16:08:14+00:00\" \/>\n<meta property=\"og:image\" content=\"https:\/\/www.unhcr.ca\/wp-content\/uploads\/2020\/08\/whathappens.png\" \/>\n\t<meta property=\"og:image:width\" content=\"712\" \/>\n\t<meta property=\"og:image:height\" content=\"475\" \/>\n\t<meta property=\"og:image:type\" content=\"image\/png\" \/>\n<meta name=\"twitter:card\" content=\"summary_large_image\" \/>\n<meta name=\"twitter:site\" content=\"@UNHCRCanada\" \/>\n<meta name=\"twitter:label1\" content=\"Dur\u00e9e de lecture estim\u00e9e\" \/>\n\t<meta name=\"twitter:data1\" content=\"2 minutes\" \/>\n<script type=\"application\/ld+json\" class=\"yoast-schema-graph\">{\"@context\":\"https:\\\/\\\/schema.org\",\"@graph\":[{\"@type\":\"WebPage\",\"@id\":\"https:\\\/\\\/www.unhcr.ca\\\/fr\\\/au-canada\\\/faire-une-demande-dasile\\\/comment-se-deroule-une-demande-dasile-a-la-frontiere\\\/\",\"url\":\"https:\\\/\\\/www.unhcr.ca\\\/fr\\\/au-canada\\\/faire-une-demande-dasile\\\/comment-se-deroule-une-demande-dasile-a-la-frontiere\\\/\",\"name\":\"Comment se d\u00e9roule une demande d\u2019asile \u00e0 la fronti\u00e8re | HCR Canada\",\"isPartOf\":{\"@id\":\"https:\\\/\\\/www.unhcr.ca\\\/#website\"},\"primaryImageOfPage\":{\"@id\":\"https:\\\/\\\/www.unhcr.ca\\\/fr\\\/au-canada\\\/faire-une-demande-dasile\\\/comment-se-deroule-une-demande-dasile-a-la-frontiere\\\/#primaryimage\"},\"image\":{\"@id\":\"https:\\\/\\\/www.unhcr.ca\\\/fr\\\/au-canada\\\/faire-une-demande-dasile\\\/comment-se-deroule-une-demande-dasile-a-la-frontiere\\\/#primaryimage\"},\"thumbnailUrl\":\"https:\\\/\\\/www.unhcr.ca\\\/wp-content\\\/uploads\\\/2020\\\/08\\\/whathappens.png\",\"datePublished\":\"2020-07-30T02:39:50+00:00\",\"dateModified\":\"2023-01-01T16:08:14+00:00\",\"description\":\"Renseignez-vous davantage sur ce qui se passe lorsque vous demandez l'asile \u00e0 un poste fronti\u00e8re officiel ou entre des postes frontaliers.\",\"breadcrumb\":{\"@id\":\"https:\\\/\\\/www.unhcr.ca\\\/fr\\\/au-canada\\\/faire-une-demande-dasile\\\/comment-se-deroule-une-demande-dasile-a-la-frontiere\\\/#breadcrumb\"},\"inLanguage\":\"fr-FR\",\"potentialAction\":[{\"@type\":\"ReadAction\",\"target\":[\"https:\\\/\\\/www.unhcr.ca\\\/fr\\\/au-canada\\\/faire-une-demande-dasile\\\/comment-se-deroule-une-demande-dasile-a-la-frontiere\\\/\"]}]},{\"@type\":\"ImageObject\",\"inLanguage\":\"fr-FR\",\"@id\":\"https:\\\/\\\/www.unhcr.ca\\\/fr\\\/au-canada\\\/faire-une-demande-dasile\\\/comment-se-deroule-une-demande-dasile-a-la-frontiere\\\/#primaryimage\",\"url\":\"https:\\\/\\\/www.unhcr.ca\\\/wp-content\\\/uploads\\\/2020\\\/08\\\/whathappens.png\",\"contentUrl\":\"https:\\\/\\\/www.unhcr.ca\\\/wp-content\\\/uploads\\\/2020\\\/08\\\/whathappens.png\",\"width\":712,\"height\":475},{\"@type\":\"BreadcrumbList\",\"@id\":\"https:\\\/\\\/www.unhcr.ca\\\/fr\\\/au-canada\\\/faire-une-demande-dasile\\\/comment-se-deroule-une-demande-dasile-a-la-frontiere\\\/#breadcrumb\",\"itemListElement\":[{\"@type\":\"ListItem\",\"position\":1,\"name\":\"Home\",\"item\":\"https:\\\/\\\/www.unhcr.ca\\\/fr\\\/homepage2020\\\/\"},{\"@type\":\"ListItem\",\"position\":2,\"name\":\"Au Canada\",\"item\":\"https:\\\/\\\/www.unhcr.ca\\\/fr\\\/au-canada\\\/\"},{\"@type\":\"ListItem\",\"position\":3,\"name\":\"Pr\u00e9senter une demande d\u2019asile au Canada\",\"item\":\"https:\\\/\\\/www.unhcr.ca\\\/fr\\\/au-canada\\\/faire-une-demande-dasile\\\/\"},{\"@type\":\"ListItem\",\"position\":4,\"name\":\"Comment se d\u00e9roule une demande d\u2019asile \u00e0 la fronti\u00e8re ?\"}]},{\"@type\":\"WebSite\",\"@id\":\"https:\\\/\\\/www.unhcr.ca\\\/#website\",\"url\":\"https:\\\/\\\/www.unhcr.ca\\\/\",\"name\":\"HCR Canada\",\"description\":\"L\u2019Agence des Nations Unies pour les r\u00e9fugi\u00e9s\",\"potentialAction\":[{\"@type\":\"SearchAction\",\"target\":{\"@type\":\"EntryPoint\",\"urlTemplate\":\"https:\\\/\\\/www.unhcr.ca\\\/?s={search_term_string}\"},\"query-input\":{\"@type\":\"PropertyValueSpecification\",\"valueRequired\":true,\"valueName\":\"search_term_string\"}}],\"inLanguage\":\"fr-FR\"}]}<\/script>\n<!-- \/ Yoast SEO Premium plugin. -->","yoast_head_json":{"title":"Comment se d\u00e9roule une demande d\u2019asile \u00e0 la fronti\u00e8re | HCR Canada","description":"Renseignez-vous davantage sur ce qui se passe lorsque vous demandez l'asile \u00e0 un poste fronti\u00e8re officiel ou entre des postes frontaliers.","robots":{"index":"index","follow":"follow","max-snippet":"max-snippet:-1","max-image-preview":"max-image-preview:large","max-video-preview":"max-video-preview:-1"},"canonical":"https:\/\/www.unhcr.ca\/fr\/au-canada\/faire-une-demande-dasile\/comment-se-deroule-une-demande-dasile-a-la-frontiere\/","og_locale":"fr_FR","og_type":"article","og_title":"Comment se d\u00e9roule une demande d\u2019asile \u00e0 la fronti\u00e8re ?","og_description":"Renseignez-vous davantage sur ce qui se passe lorsque vous demandez l'asile \u00e0 un poste fronti\u00e8re officiel ou entre des postes frontaliers.","og_url":"https:\/\/www.unhcr.ca\/fr\/au-canada\/faire-une-demande-dasile\/comment-se-deroule-une-demande-dasile-a-la-frontiere\/","og_site_name":"HCR Canada","article_publisher":"https:\/\/www.facebook.com\/UNHCRCanada","article_modified_time":"2023-01-01T16:08:14+00:00","og_image":[{"width":712,"height":475,"url":"https:\/\/www.unhcr.ca\/wp-content\/uploads\/2020\/08\/whathappens.png","type":"image\/png"}],"twitter_card":"summary_large_image","twitter_site":"@UNHCRCanada","twitter_misc":{"Dur\u00e9e de lecture estim\u00e9e":"2 minutes"},"schema":{"@context":"https:\/\/schema.org","@graph":[{"@type":"WebPage","@id":"https:\/\/www.unhcr.ca\/fr\/au-canada\/faire-une-demande-dasile\/comment-se-deroule-une-demande-dasile-a-la-frontiere\/","url":"https:\/\/www.unhcr.ca\/fr\/au-canada\/faire-une-demande-dasile\/comment-se-deroule-une-demande-dasile-a-la-frontiere\/","name":"Comment se d\u00e9roule une demande d\u2019asile \u00e0 la fronti\u00e8re | HCR Canada","isPartOf":{"@id":"https:\/\/www.unhcr.ca\/#website"},"primaryImageOfPage":{"@id":"https:\/\/www.unhcr.ca\/fr\/au-canada\/faire-une-demande-dasile\/comment-se-deroule-une-demande-dasile-a-la-frontiere\/#primaryimage"},"image":{"@id":"https:\/\/www.unhcr.ca\/fr\/au-canada\/faire-une-demande-dasile\/comment-se-deroule-une-demande-dasile-a-la-frontiere\/#primaryimage"},"thumbnailUrl":"https:\/\/www.unhcr.ca\/wp-content\/uploads\/2020\/08\/whathappens.png","datePublished":"2020-07-30T02:39:50+00:00","dateModified":"2023-01-01T16:08:14+00:00","description":"Renseignez-vous davantage sur ce qui se passe lorsque vous demandez l'asile \u00e0 un poste fronti\u00e8re officiel ou entre des postes frontaliers.","breadcrumb":{"@id":"https:\/\/www.unhcr.ca\/fr\/au-canada\/faire-une-demande-dasile\/comment-se-deroule-une-demande-dasile-a-la-frontiere\/#breadcrumb"},"inLanguage":"fr-FR","potentialAction":[{"@type":"ReadAction","target":["https:\/\/www.unhcr.ca\/fr\/au-canada\/faire-une-demande-dasile\/comment-se-deroule-une-demande-dasile-a-la-frontiere\/"]}]},{"@type":"ImageObject","inLanguage":"fr-FR","@id":"https:\/\/www.unhcr.ca\/fr\/au-canada\/faire-une-demande-dasile\/comment-se-deroule-une-demande-dasile-a-la-frontiere\/#primaryimage","url":"https:\/\/www.unhcr.ca\/wp-content\/uploads\/2020\/08\/whathappens.png","contentUrl":"https:\/\/www.unhcr.ca\/wp-content\/uploads\/2020\/08\/whathappens.png","width":712,"height":475},{"@type":"BreadcrumbList","@id":"https:\/\/www.unhcr.ca\/fr\/au-canada\/faire-une-demande-dasile\/comment-se-deroule-une-demande-dasile-a-la-frontiere\/#breadcrumb","itemListElement":[{"@type":"ListItem","position":1,"name":"Home","item":"https:\/\/www.unhcr.ca\/fr\/homepage2020\/"},{"@type":"ListItem","position":2,"name":"Au Canada","item":"https:\/\/www.unhcr.ca\/fr\/au-canada\/"},{"@type":"ListItem","position":3,"name":"Pr\u00e9senter une demande d\u2019asile au Canada","item":"https:\/\/www.unhcr.ca\/fr\/au-canada\/faire-une-demande-dasile\/"},{"@type":"ListItem","position":4,"name":"Comment se d\u00e9roule une demande d\u2019asile \u00e0 la fronti\u00e8re ?"}]},{"@type":"WebSite","@id":"https:\/\/www.unhcr.ca\/#website","url":"https:\/\/www.unhcr.ca\/","name":"HCR Canada","description":"L\u2019Agence des Nations Unies pour les r\u00e9fugi\u00e9s","potentialAction":[{"@type":"SearchAction","target":{"@type":"EntryPoint","urlTemplate":"https:\/\/www.unhcr.ca\/?s={search_term_string}"},"query-input":{"@type":"PropertyValueSpecification","valueRequired":true,"valueName":"search_term_string"}}],"inLanguage":"fr-FR"}]}},"_links":{"self":[{"href":"https:\/\/www.unhcr.ca\/fr\/wp-json\/wp\/v2\/pages\/49916","targetHints":{"allow":["GET"]}}],"collection":[{"href":"https:\/\/www.unhcr.ca\/fr\/wp-json\/wp\/v2\/pages"}],"about":[{"href":"https:\/\/www.unhcr.ca\/fr\/wp-json\/wp\/v2\/types\/page"}],"author":[{"embeddable":true,"href":"https:\/\/www.unhcr.ca\/fr\/wp-json\/wp\/v2\/users\/26"}],"replies":[{"embeddable":true,"href":"https:\/\/www.unhcr.ca\/fr\/wp-json\/wp\/v2\/comments?post=49916"}],"version-history":[{"count":0,"href":"https:\/\/www.unhcr.ca\/fr\/wp-json\/wp\/v2\/pages\/49916\/revisions"}],"up":[{"embeddable":true,"href":"https:\/\/www.unhcr.ca\/fr\/wp-json\/wp\/v2\/pages\/49034"}],"wp:featuredmedia":[{"embeddable":true,"href":"https:\/\/www.unhcr.ca\/fr\/wp-json\/wp\/v2\/media\/49811"}],"wp:attachment":[{"href":"https:\/\/www.unhcr.ca\/fr\/wp-json\/wp\/v2\/media?parent=49916"}],"curies":[{"name":"wp","href":"https:\/\/api.w.org\/{rel}","templated":true}]}}