{"id":2076,"date":"2014-11-07T07:52:14","date_gmt":"2014-11-07T12:52:14","guid":{"rendered":"http:\/\/unhcrca.wpengine.com\/?page_id=2076"},"modified":"2026-01-05T15:34:50","modified_gmt":"2026-01-05T20:34:50","slug":"communiques","status":"publish","type":"page","link":"https:\/\/www.unhcr.ca\/fr\/nouvelles-et-articles\/communiques\/","title":{"rendered":"Communiqu\u00e9s"},"content":{"rendered":"<p>[et_pb_section fb_built=\u00a0\u00bb1&Prime; custom_padding_last_edited=\u00a0\u00bbon|desktop\u00a0\u00bb admin_label=\u00a0\u00bbSection: Header 600 height\u00a0\u00bb module_class=\u00a0\u00bbheight600&Prime; _builder_version=\u00a0\u00bb4.16&Prime; background_color=\u00a0\u00bb#000000&Prime; use_background_color_gradient=\u00a0\u00bbon\u00a0\u00bb background_color_gradient_stops=\u00a0\u00bbrgba(43,43,43,0) 38%|rgba(0,0,0,0.7) 78%\u00a0\u00bb background_color_gradient_overlays_image=\u00a0\u00bbon\u00a0\u00bb background_color_gradient_start=\u00a0\u00bbrgba(43,43,43,0)\u00a0\u00bb background_color_gradient_start_position=\u00a0\u00bb38%\u00a0\u00bb background_color_gradient_end=\u00a0\u00bbrgba(0,0,0,0.7)\u00a0\u00bb background_color_gradient_end_position=\u00a0\u00bb78%\u00a0\u00bb background_image=\u00a0\u00bbhttps:\/\/www.unhcr.ca\/wp-content\/uploads\/2020\/06\/RF2265466_UNHCR-Pakistan-I-12-Settlement-015.jpg\u00a0\u00bb custom_padding=\u00a0\u00bb20px||20px||true|false\u00a0\u00bb custom_padding_tablet=\u00a0\u00bb||40px\u00a0\u00bb custom_padding_phone=\u00a0\u00bb||40px\u00a0\u00bb link_option_url_new_window=\u00a0\u00bbon\u00a0\u00bb background_last_edited=\u00a0\u00bbon|phone\u00a0\u00bb use_background_color_gradient_phone=\u00a0\u00bbon\u00a0\u00bb background_color_gradient_direction_phone=\u00a0\u00bb180deg\u00a0\u00bb background_color_gradient_stops_phone=\u00a0\u00bbrgba(0,0,0,0) 30%|rgba(0,0,0,0.71) 60%\u00a0\u00bb background_color_gradient_start_phone=\u00a0\u00bbrgba(0,0,0,0)\u00a0\u00bb background_color_gradient_start_position_phone=\u00a0\u00bb30%\u00a0\u00bb background_color_gradient_end_phone=\u00a0\u00bbrgba(0,0,0,0.71)\u00a0\u00bb background_color_gradient_end_position_phone=\u00a0\u00bb60%\u00a0\u00bb background_image_tablet=\u00a0\u00bbhttps:\/\/www.unhcr.ca\/wp-content\/uploads\/2020\/06\/RF2265466_UNHCR-Pakistan-I-12-Settlement-015-scaled.jpg\u00a0\u00bb background_image_phone=\u00a0\u00bbhttps:\/\/www.unhcr.ca\/wp-content\/uploads\/2020\/06\/RF2265466_UNHCR-Pakistan-I-12-Settlement-015-scaled.jpg\u00a0\u00bb background_enable_image_tablet=\u00a0\u00bbon\u00a0\u00bb background_enable_image_phone=\u00a0\u00bbon\u00a0\u00bb background_position_phone=\u00a0\u00bbbottom_center\u00a0\u00bb locked=\u00a0\u00bboff\u00a0\u00bb global_colors_info=\u00a0\u00bb{}\u00a0\u00bb alt_tablet=\u00a0\u00bbA father with his children\u00a0\u00bb title_text_tablet=\u00a0\u00bbPakistan. Generations of Afghan refugees still in limbo in Islamabad settlement\u00a0\u00bb alt_phone=\u00a0\u00bbA father with his children\u00a0\u00bb title_text_phone=\u00a0\u00bbPakistan. Generations of Afghan refugees still in limbo in Islamabad settlement\u00a0\u00bb][et_pb_row admin_label=\u00a0\u00bbrow\u00a0\u00bb _builder_version=\u00a0\u00bb4.16&Prime; custom_margin=\u00a0\u00bbauto||0px||false|false\u00a0\u00bb custom_padding=\u00a0\u00bb0px||0px||true|false\u00a0\u00bb global_colors_info=\u00a0\u00bb{}\u00a0\u00bb][et_pb_column type=\u00a0\u00bb4_4&Prime; _builder_version=\u00a0\u00bb4.16&Prime; global_colors_info=\u00a0\u00bb{}\u00a0\u00bb][et_pb_text admin_label=\u00a0\u00bbTitle\u00a0\u00bb _builder_version=\u00a0\u00bb4.16&Prime; text_font=\u00a0\u00bb||||||||\u00a0\u00bb background_layout=\u00a0\u00bbdark\u00a0\u00bb max_width=\u00a0\u00bb900px\u00a0\u00bb custom_margin=\u00a0\u00bb0px||0px||false|false\u00a0\u00bb global_colors_info=\u00a0\u00bb{}\u00a0\u00bb]<\/p>\n<h1>Communiqu\u00e9s<\/h1>\n<p>[\/et_pb_text][et_pb_text admin_label=\u00a0\u00bbsub header\u00a0\u00bb _builder_version=\u00a0\u00bb4.16&Prime; text_text_color=\u00a0\u00bb#ffffff\u00a0\u00bb header_text_color=\u00a0\u00bb#ffffff\u00a0\u00bb header_3_text_color=\u00a0\u00bb#ffffff\u00a0\u00bb background_layout=\u00a0\u00bbdark\u00a0\u00bb custom_margin=\u00a0\u00bb0px||||false|false\u00a0\u00bb global_colors_info=\u00a0\u00bb{}\u00a0\u00bb]<\/p>\n<h3>Nous vous communiquons les informations les plus r\u00e9centes sur le HCR au Canada.<\/h3>\n<p>[\/et_pb_text][\/et_pb_column][\/et_pb_row][et_pb_row _builder_version=\u00a0\u00bb4.16&Prime; custom_margin=\u00a0\u00bb0px||0px||false|false\u00a0\u00bb custom_padding=\u00a0\u00bb0px||0px||true|false\u00a0\u00bb global_colors_info=\u00a0\u00bb{}\u00a0\u00bb][et_pb_column type=\u00a0\u00bb4_4&Prime; _builder_version=\u00a0\u00bb4.16&Prime; global_colors_info=\u00a0\u00bb{}\u00a0\u00bb][et_pb_text admin_label=\u00a0\u00bbHeader caption right align\u00a0\u00bb _builder_version=\u00a0\u00bb4.16&Prime; background_layout=\u00a0\u00bbdark\u00a0\u00bb global_colors_info=\u00a0\u00bb{}\u00a0\u00bb]<\/p>\n<p style=\"text-align: right;\"><span class=\"headercredit\">Photo: \u00a9 HCR \/ Roger Arnold<\/span><\/p>\n<p>[\/et_pb_text][\/et_pb_column][\/et_pb_row][\/et_pb_section][et_pb_section fb_built=\u00a0\u00bb1&Prime; specialty=\u00a0\u00bbon\u00a0\u00bb _builder_version=\u00a0\u00bb4.16&Prime; global_colors_info=\u00a0\u00bb{}\u00a0\u00bb][et_pb_column type=\u00a0\u00bb3_4&Prime; specialty_columns=\u00a0\u00bb3&Prime; _builder_version=\u00a0\u00bb4.16&Prime; custom_padding=\u00a0\u00bb|||\u00a0\u00bb global_colors_info=\u00a0\u00bb{}\u00a0\u00bb custom_padding__hover=\u00a0\u00bb|||\u00a0\u00bb][et_pb_row_inner _builder_version=\u00a0\u00bb4.16&Prime; global_colors_info=\u00a0\u00bb{}\u00a0\u00bb][et_pb_column_inner saved_specialty_column_type=\u00a0\u00bb3_4&Prime; _builder_version=\u00a0\u00bb4.16&Prime; global_colors_info=\u00a0\u00bb{}\u00a0\u00bb][et_pb_blog fullwidth=\u00a0\u00bboff\u00a0\u00bb include_categories=\u00a0\u00bb49,921,81,1870&Prime; show_author=\u00a0\u00bboff\u00a0\u00bb _builder_version=\u00a0\u00bb4.16&Prime; global_colors_info=\u00a0\u00bb{}\u00a0\u00bb][\/et_pb_blog][\/et_pb_column_inner][\/et_pb_row_inner][\/et_pb_column][et_pb_column type=\u00a0\u00bb1_4&Prime; _builder_version=\u00a0\u00bb4.16&Prime; custom_padding=\u00a0\u00bb|||\u00a0\u00bb global_colors_info=\u00a0\u00bb{}\u00a0\u00bb custom_padding__hover=\u00a0\u00bb|||\u00a0\u00bb][et_pb_text admin_label=\u00a0\u00bbText\u00a0\u00bb _builder_version=\u00a0\u00bb4.25.2&Prime; background_size=\u00a0\u00bbinitial\u00a0\u00bb background_position=\u00a0\u00bbtop_left\u00a0\u00bb background_repeat=\u00a0\u00bbrepeat\u00a0\u00bb global_colors_info=\u00a0\u00bb{}\u00a0\u00bb]<\/p>\n<h3>Pour toute question concernant un communiqu\u00e9 de presse, veuillez contacter notre attach\u00e9e de presse :<\/h3>\n<p><span class=\"ui-provider ctv ctw c d e f g h i j k l m n o p q r s t ctx cty w x y z ab ac ae af ag ah ai aj ak\" dir=\"ltr\">Levon Sevunts<br \/>Charg\u00e9 de communication<br \/>Tel. : +1-613-286-6975<br \/>Courriel :\u202f <strong><a href=\"mailto:sevunts@unhcr.org\">sevunts@unhcr.org\u00a0<\/a><\/strong><\/span><\/p>\n<p><span class=\"ui-provider ctv ctw c d e f g h i j k l m n o p q r s t ctx cty w x y z ab ac ae af ag ah ai aj ak\" dir=\"ltr\">Darcy Knoll<br \/>Charg\u00e9 de communication principal<br \/>Tel. : +1-613-<span data-teams=\"true\"><span class=\"ui-provider a b c d e f g h i j k l m n o p q r s t u v w x y z ab ac ae af ag ah ai aj ak\" dir=\"ltr\">219-4446<\/span><\/span><br \/>Courriel :\u202f<a href=\"mailto:knoll@unhcr.org\"><strong>knoll@unhcr.org<\/strong><\/a><\/span><\/p>\n<p>[\/et_pb_text][et_pb_button button_url=\u00a0\u00bbhttps:\/\/act.unhcr.ca\/page\/41674\/subscribe\/1?ea.tracking.id=NS25FR_UNR_OL&#038;locale=fr-CA\u00a0\u00bb button_text=\u00a0\u00bbInscrivez-vous \u00e0 l&rsquo;infolettre du HCR\u00a0\u00bb button_alignment=\u00a0\u00bbleft\u00a0\u00bb _builder_version=\u00a0\u00bb4.27.3&Prime; _module_preset=\u00a0\u00bbdefault\u00a0\u00bb global_colors_info=\u00a0\u00bb{}\u00a0\u00bb][\/et_pb_button][et_pb_sidebar area=\u00a0\u00bbsidebar-1&Prime; admin_label=\u00a0\u00bbSidebar\u00a0\u00bb _builder_version=\u00a0\u00bb4.16&Prime; global_colors_info=\u00a0\u00bb{}\u00a0\u00bb][\/et_pb_sidebar][\/et_pb_column][\/et_pb_section][et_pb_section fb_built=\u00a0\u00bb1&Prime; _builder_version=\u00a0\u00bb4.16&Prime; background_color=\u00a0\u00bb#efefef\u00a0\u00bb global_colors_info=\u00a0\u00bb{}\u00a0\u00bb][et_pb_row _builder_version=\u00a0\u00bb4.16&Prime; global_colors_info=\u00a0\u00bb{}\u00a0\u00bb][et_pb_column type=\u00a0\u00bb4_4&Prime; _builder_version=\u00a0\u00bb4.16&Prime; global_colors_info=\u00a0\u00bb{}\u00a0\u00bb][et_pb_text _builder_version=\u00a0\u00bb4.16&Prime; global_colors_info=\u00a0\u00bb{}\u00a0\u00bb]<\/p>\n<p style=\"text-align: center;\"><strong>Faites un don<\/strong><br \/><strong>Aidez les r\u00e9fugi\u00e9s dans le besoin.<\/strong><\/p>\n<p>[\/et_pb_text][et_pb_button button_url=\u00a0\u00bbhttps:\/\/give.unhcr.ca\/page\/52275\/donate\/1?ea.tracking.id=OL26FR_UNR&#038;locale=fr-CA\u00a0\u00bb button_text=\u00a0\u00bbFaites un don d\u00e8s maintenant\u00a0\u00bb button_alignment=\u00a0\u00bbcenter\u00a0\u00bb _builder_version=\u00a0\u00bb4.27.5&Prime; custom_button=\u00a0\u00bbon\u00a0\u00bb button_text_color=\u00a0\u00bb#ffffff\u00a0\u00bb button_bg_color=\u00a0\u00bb#0072bc\u00a0\u00bb hover_enabled=\u00a0\u00bb0&Prime; global_colors_info=\u00a0\u00bb{}\u00a0\u00bb sticky_enabled=\u00a0\u00bb0&Prime;][\/et_pb_button][\/et_pb_column][\/et_pb_row][\/et_pb_section]<\/p>\n","protected":false},"excerpt":{"rendered":"<p>Nous vous communiqu\u00e9s les informations les plus r\u00e9centes sur le HCR au Canada, les Agence des Nations Unies pour les R\u00e9fugi\u00e9s.<\/p>\n","protected":false},"author":1,"featured_media":47716,"parent":2903,"menu_order":0,"comment_status":"closed","ping_status":"closed","template":"","meta":{"_acf_changed":false,"_et_pb_use_builder":"on","_et_pb_old_content":"","_et_gb_content_width":"","inline_featured_image":false,"footnotes":"","beyondwords_generate_audio":"0","beyondwords_integration_method":"","beyondwords_project_id":"","beyondwords_content_id":"","beyondwords_preview_token":"","beyondwords_player_content":"","beyondwords_player_style":"","beyondwords_language_code":"","beyondwords_language_id":"","beyondwords_title_voice_id":"","beyondwords_body_voice_id":"","beyondwords_summary_voice_id":"","beyondwords_error_message":"#401: Unauthorized","beyondwords_disabled":"","beyondwords_delete_content":"","beyondwords_podcast_id":"","beyondwords_hash":"","publish_post_to_speechkit":"0","speechkit_hash":"","speechkit_generate_audio":"0","speechkit_project_id":"","speechkit_podcast_id":"","speechkit_error_message":"","speechkit_disabled":"","speechkit_access_key":"","speechkit_error":"","speechkit_info":"","speechkit_response":"","speechkit_retries":"","speechkit_status":"","speechkit_updated_at":"","_speechkit_link":"","_speechkit_text":""},"class_list":["post-2076","page","type-page","status-publish","has-post-thumbnail","hentry"],"acf":[],"yoast_head":"<!-- This site is optimized with the Yoast SEO Premium plugin v27.3 (Yoast SEO v27.4) - https:\/\/yoast.com\/product\/yoast-seo-premium-wordpress\/ -->\n<title>Communiqu\u00e9s | HCR Canada<\/title>\n<meta name=\"description\" content=\"Nous vous communiqu\u00e9s les informations les plus r\u00e9centes sur le HCR au Canada, les Agence des Nations Unies pour les R\u00e9fugi\u00e9s.\" \/>\n<meta name=\"robots\" content=\"index, follow, max-snippet:-1, max-image-preview:large, max-video-preview:-1\" \/>\n<link rel=\"canonical\" href=\"https:\/\/www.unhcr.ca\/fr\/nouvelles-et-articles\/communiques\/\" \/>\n<meta property=\"og:locale\" content=\"fr_FR\" \/>\n<meta property=\"og:type\" content=\"article\" \/>\n<meta property=\"og:title\" content=\"Communiqu\u00e9s\" \/>\n<meta property=\"og:description\" content=\"Nous vous communiqu\u00e9s les informations les plus r\u00e9centes sur le HCR au Canada, les Agence des Nations Unies pour les R\u00e9fugi\u00e9s.\" \/>\n<meta property=\"og:url\" content=\"https:\/\/www.unhcr.ca\/fr\/nouvelles-et-articles\/communiques\/\" \/>\n<meta property=\"og:site_name\" content=\"HCR Canada\" \/>\n<meta property=\"article:publisher\" content=\"https:\/\/www.facebook.com\/UNHCRCanada\" \/>\n<meta property=\"article:modified_time\" content=\"2026-01-05T20:34:50+00:00\" \/>\n<meta property=\"og:image\" content=\"https:\/\/www.unhcr.ca\/wp-content\/uploads\/2020\/06\/RF2265466_UNHCR-Pakistan-I-12-Settlement-015-1360x907.jpg\" \/>\n\t<meta property=\"og:image:width\" content=\"1360\" \/>\n\t<meta property=\"og:image:height\" content=\"907\" \/>\n\t<meta property=\"og:image:type\" content=\"image\/jpeg\" \/>\n<meta name=\"twitter:card\" content=\"summary_large_image\" \/>\n<meta name=\"twitter:site\" content=\"@UNHCRCanada\" \/>\n<meta name=\"twitter:label1\" content=\"Dur\u00e9e de lecture estim\u00e9e\" \/>\n\t<meta name=\"twitter:data1\" content=\"7 minutes\" \/>\n<script type=\"application\/ld+json\" class=\"yoast-schema-graph\">{\"@context\":\"https:\\\/\\\/schema.org\",\"@graph\":[{\"@type\":\"WebPage\",\"@id\":\"https:\\\/\\\/www.unhcr.ca\\\/fr\\\/nouvelles-et-articles\\\/communiques\\\/\",\"url\":\"https:\\\/\\\/www.unhcr.ca\\\/fr\\\/nouvelles-et-articles\\\/communiques\\\/\",\"name\":\"Communiqu\u00e9s | HCR Canada\",\"isPartOf\":{\"@id\":\"https:\\\/\\\/www.unhcr.ca\\\/#website\"},\"primaryImageOfPage\":{\"@id\":\"https:\\\/\\\/www.unhcr.ca\\\/fr\\\/nouvelles-et-articles\\\/communiques\\\/#primaryimage\"},\"image\":{\"@id\":\"https:\\\/\\\/www.unhcr.ca\\\/fr\\\/nouvelles-et-articles\\\/communiques\\\/#primaryimage\"},\"thumbnailUrl\":\"https:\\\/\\\/www.unhcr.ca\\\/wp-content\\\/uploads\\\/2020\\\/06\\\/RF2265466_UNHCR-Pakistan-I-12-Settlement-015.jpg\",\"datePublished\":\"2014-11-07T12:52:14+00:00\",\"dateModified\":\"2026-01-05T20:34:50+00:00\",\"description\":\"Nous vous communiqu\u00e9s les informations les plus r\u00e9centes sur le HCR au Canada, les Agence des Nations Unies pour les R\u00e9fugi\u00e9s.\",\"breadcrumb\":{\"@id\":\"https:\\\/\\\/www.unhcr.ca\\\/fr\\\/nouvelles-et-articles\\\/communiques\\\/#breadcrumb\"},\"inLanguage\":\"fr-FR\",\"potentialAction\":[{\"@type\":\"ReadAction\",\"target\":[\"https:\\\/\\\/www.unhcr.ca\\\/fr\\\/nouvelles-et-articles\\\/communiques\\\/\"]}]},{\"@type\":\"ImageObject\",\"inLanguage\":\"fr-FR\",\"@id\":\"https:\\\/\\\/www.unhcr.ca\\\/fr\\\/nouvelles-et-articles\\\/communiques\\\/#primaryimage\",\"url\":\"https:\\\/\\\/www.unhcr.ca\\\/wp-content\\\/uploads\\\/2020\\\/06\\\/RF2265466_UNHCR-Pakistan-I-12-Settlement-015.jpg\",\"contentUrl\":\"https:\\\/\\\/www.unhcr.ca\\\/wp-content\\\/uploads\\\/2020\\\/06\\\/RF2265466_UNHCR-Pakistan-I-12-Settlement-015.jpg\",\"width\":2560,\"height\":1707,\"caption\":\"\\\"I came to Pakistan from Kandahar 40 years ago. I have travelled to Afghanistan and Iran a few times for business. I helped start a local school here in the community.\\\" Afgan refugee Sher Khan, 46, sits for a portrait with two of his children, six-year-old Hanis Rehman (left) and eight-year-old Khatima (right), in Sector I-12 settlement, Islamabad, home to about 3,000 Afghan refugees. ; For more than 40 years, Afghans have fled violence, war, conflict and natural disasters. Some 4.6 million Afghans still live outside of the country, including 2.7 million registered refugees. The majority are hosted by Pakistan (1.4 million) and Iran (1 million), and more than a million are children under the age of 14. In February 2020, the Government of Pakistan and UNHCR will jointly convene a ministerial meeting in Islamabad to remind the world about their fate. In Islamabad\u2019s I-12 settlement, many elders have lived here since the Soviet invasion of Afghanistan in 1979 \u2013 raising new generations of refugees who are currently being impacted by declining support from the international community.\"},{\"@type\":\"BreadcrumbList\",\"@id\":\"https:\\\/\\\/www.unhcr.ca\\\/fr\\\/nouvelles-et-articles\\\/communiques\\\/#breadcrumb\",\"itemListElement\":[{\"@type\":\"ListItem\",\"position\":1,\"name\":\"Home\",\"item\":\"https:\\\/\\\/www.unhcr.ca\\\/fr\\\/\"},{\"@type\":\"ListItem\",\"position\":2,\"name\":\"Nouvelles et articles\",\"item\":\"https:\\\/\\\/www.unhcr.ca\\\/fr\\\/nouvelles-et-articles\\\/\"},{\"@type\":\"ListItem\",\"position\":3,\"name\":\"Communiqu\u00e9s\"}]},{\"@type\":\"WebSite\",\"@id\":\"https:\\\/\\\/www.unhcr.ca\\\/#website\",\"url\":\"https:\\\/\\\/www.unhcr.ca\\\/\",\"name\":\"HCR Canada\",\"description\":\"L\u2019Agence des Nations Unies pour les r\u00e9fugi\u00e9s\",\"potentialAction\":[{\"@type\":\"SearchAction\",\"target\":{\"@type\":\"EntryPoint\",\"urlTemplate\":\"https:\\\/\\\/www.unhcr.ca\\\/?s={search_term_string}\"},\"query-input\":{\"@type\":\"PropertyValueSpecification\",\"valueRequired\":true,\"valueName\":\"search_term_string\"}}],\"inLanguage\":\"fr-FR\"}]}<\/script>\n<!-- \/ Yoast SEO Premium plugin. -->","yoast_head_json":{"title":"Communiqu\u00e9s | HCR Canada","description":"Nous vous communiqu\u00e9s les informations les plus r\u00e9centes sur le HCR au Canada, les Agence des Nations Unies pour les R\u00e9fugi\u00e9s.","robots":{"index":"index","follow":"follow","max-snippet":"max-snippet:-1","max-image-preview":"max-image-preview:large","max-video-preview":"max-video-preview:-1"},"canonical":"https:\/\/www.unhcr.ca\/fr\/nouvelles-et-articles\/communiques\/","og_locale":"fr_FR","og_type":"article","og_title":"Communiqu\u00e9s","og_description":"Nous vous communiqu\u00e9s les informations les plus r\u00e9centes sur le HCR au Canada, les Agence des Nations Unies pour les R\u00e9fugi\u00e9s.","og_url":"https:\/\/www.unhcr.ca\/fr\/nouvelles-et-articles\/communiques\/","og_site_name":"HCR Canada","article_publisher":"https:\/\/www.facebook.com\/UNHCRCanada","article_modified_time":"2026-01-05T20:34:50+00:00","og_image":[{"width":1360,"height":907,"url":"https:\/\/www.unhcr.ca\/wp-content\/uploads\/2020\/06\/RF2265466_UNHCR-Pakistan-I-12-Settlement-015-1360x907.jpg","type":"image\/jpeg"}],"twitter_card":"summary_large_image","twitter_site":"@UNHCRCanada","twitter_misc":{"Dur\u00e9e de lecture estim\u00e9e":"7 minutes"},"schema":{"@context":"https:\/\/schema.org","@graph":[{"@type":"WebPage","@id":"https:\/\/www.unhcr.ca\/fr\/nouvelles-et-articles\/communiques\/","url":"https:\/\/www.unhcr.ca\/fr\/nouvelles-et-articles\/communiques\/","name":"Communiqu\u00e9s | HCR Canada","isPartOf":{"@id":"https:\/\/www.unhcr.ca\/#website"},"primaryImageOfPage":{"@id":"https:\/\/www.unhcr.ca\/fr\/nouvelles-et-articles\/communiques\/#primaryimage"},"image":{"@id":"https:\/\/www.unhcr.ca\/fr\/nouvelles-et-articles\/communiques\/#primaryimage"},"thumbnailUrl":"https:\/\/www.unhcr.ca\/wp-content\/uploads\/2020\/06\/RF2265466_UNHCR-Pakistan-I-12-Settlement-015.jpg","datePublished":"2014-11-07T12:52:14+00:00","dateModified":"2026-01-05T20:34:50+00:00","description":"Nous vous communiqu\u00e9s les informations les plus r\u00e9centes sur le HCR au Canada, les Agence des Nations Unies pour les R\u00e9fugi\u00e9s.","breadcrumb":{"@id":"https:\/\/www.unhcr.ca\/fr\/nouvelles-et-articles\/communiques\/#breadcrumb"},"inLanguage":"fr-FR","potentialAction":[{"@type":"ReadAction","target":["https:\/\/www.unhcr.ca\/fr\/nouvelles-et-articles\/communiques\/"]}]},{"@type":"ImageObject","inLanguage":"fr-FR","@id":"https:\/\/www.unhcr.ca\/fr\/nouvelles-et-articles\/communiques\/#primaryimage","url":"https:\/\/www.unhcr.ca\/wp-content\/uploads\/2020\/06\/RF2265466_UNHCR-Pakistan-I-12-Settlement-015.jpg","contentUrl":"https:\/\/www.unhcr.ca\/wp-content\/uploads\/2020\/06\/RF2265466_UNHCR-Pakistan-I-12-Settlement-015.jpg","width":2560,"height":1707,"caption":"\"I came to Pakistan from Kandahar 40 years ago. I have travelled to Afghanistan and Iran a few times for business. I helped start a local school here in the community.\" Afgan refugee Sher Khan, 46, sits for a portrait with two of his children, six-year-old Hanis Rehman (left) and eight-year-old Khatima (right), in Sector I-12 settlement, Islamabad, home to about 3,000 Afghan refugees. ; For more than 40 years, Afghans have fled violence, war, conflict and natural disasters. Some 4.6 million Afghans still live outside of the country, including 2.7 million registered refugees. The majority are hosted by Pakistan (1.4 million) and Iran (1 million), and more than a million are children under the age of 14. In February 2020, the Government of Pakistan and UNHCR will jointly convene a ministerial meeting in Islamabad to remind the world about their fate. In Islamabad\u2019s I-12 settlement, many elders have lived here since the Soviet invasion of Afghanistan in 1979 \u2013 raising new generations of refugees who are currently being impacted by declining support from the international community."},{"@type":"BreadcrumbList","@id":"https:\/\/www.unhcr.ca\/fr\/nouvelles-et-articles\/communiques\/#breadcrumb","itemListElement":[{"@type":"ListItem","position":1,"name":"Home","item":"https:\/\/www.unhcr.ca\/fr\/"},{"@type":"ListItem","position":2,"name":"Nouvelles et articles","item":"https:\/\/www.unhcr.ca\/fr\/nouvelles-et-articles\/"},{"@type":"ListItem","position":3,"name":"Communiqu\u00e9s"}]},{"@type":"WebSite","@id":"https:\/\/www.unhcr.ca\/#website","url":"https:\/\/www.unhcr.ca\/","name":"HCR Canada","description":"L\u2019Agence des Nations Unies pour les r\u00e9fugi\u00e9s","potentialAction":[{"@type":"SearchAction","target":{"@type":"EntryPoint","urlTemplate":"https:\/\/www.unhcr.ca\/?s={search_term_string}"},"query-input":{"@type":"PropertyValueSpecification","valueRequired":true,"valueName":"search_term_string"}}],"inLanguage":"fr-FR"}]}},"_links":{"self":[{"href":"https:\/\/www.unhcr.ca\/fr\/wp-json\/wp\/v2\/pages\/2076","targetHints":{"allow":["GET"]}}],"collection":[{"href":"https:\/\/www.unhcr.ca\/fr\/wp-json\/wp\/v2\/pages"}],"about":[{"href":"https:\/\/www.unhcr.ca\/fr\/wp-json\/wp\/v2\/types\/page"}],"author":[{"embeddable":true,"href":"https:\/\/www.unhcr.ca\/fr\/wp-json\/wp\/v2\/users\/1"}],"replies":[{"embeddable":true,"href":"https:\/\/www.unhcr.ca\/fr\/wp-json\/wp\/v2\/comments?post=2076"}],"version-history":[{"count":0,"href":"https:\/\/www.unhcr.ca\/fr\/wp-json\/wp\/v2\/pages\/2076\/revisions"}],"up":[{"embeddable":true,"href":"https:\/\/www.unhcr.ca\/fr\/wp-json\/wp\/v2\/pages\/2903"}],"wp:featuredmedia":[{"embeddable":true,"href":"https:\/\/www.unhcr.ca\/fr\/wp-json\/wp\/v2\/media\/47716"}],"wp:attachment":[{"href":"https:\/\/www.unhcr.ca\/fr\/wp-json\/wp\/v2\/media?parent=2076"}],"curies":[{"name":"wp","href":"https:\/\/api.w.org\/{rel}","templated":true}]}}